{"id":98,"date":"2023-10-08T21:08:54","date_gmt":"2023-10-08T19:08:54","guid":{"rendered":"http:\/\/latelier-bleuenn.fr\/?page_id=98"},"modified":"2024-03-15T09:58:02","modified_gmt":"2024-03-15T08:58:02","slug":"professionnels","status":"publish","type":"page","link":"https:\/\/latelier-bleuenn.fr\/index.php\/professionnels\/","title":{"rendered":"Professionnels"},"content":{"rendered":"<p>[et_pb_section fb_built=\u00a0\u00bb1&Prime; _builder_version=\u00a0\u00bb4.23.1&Prime; _module_preset=\u00a0\u00bbdefault\u00a0\u00bb background_color=\u00a0\u00bb#FFFFFF\u00a0\u00bb global_colors_info=\u00a0\u00bb{}\u00a0\u00bb][et_pb_row _builder_version=\u00a0\u00bb4.22.2&Prime; _module_preset=\u00a0\u00bbdefault\u00a0\u00bb global_colors_info=\u00a0\u00bb{}\u00a0\u00bb][et_pb_column type=\u00a0\u00bb4_4&Prime; _builder_version=\u00a0\u00bb4.22.2&Prime; _module_preset=\u00a0\u00bbdefault\u00a0\u00bb global_colors_info=\u00a0\u00bb{}\u00a0\u00bb][et_pb_menu _builder_version=\u00a0\u00bb4.24.2&Prime; _module_preset=\u00a0\u00bbdefault\u00a0\u00bb menu_style=\u00a0\u00bbcentered\u00a0\u00bb hover_enabled=\u00a0\u00bb0&Prime; sticky_enabled=\u00a0\u00bb0&Prime;][\/et_pb_menu][et_pb_heading title=\u00a0\u00bbUN \u00c9V\u00c8NEMENT NE S&rsquo;IMPROVISE PAS\u00a0\u00bb _builder_version=\u00a0\u00bb4.22.2&Prime; _module_preset=\u00a0\u00bbdefault\u00a0\u00bb title_font=\u00a0\u00bb|||on|||||\u00a0\u00bb title_text_align=\u00a0\u00bbcenter\u00a0\u00bb title_font_size=\u00a0\u00bb22px\u00a0\u00bb global_colors_info=\u00a0\u00bb{}\u00a0\u00bb][\/et_pb_heading][et_pb_heading title=\u00a0\u00bbNotre savoir faire au service des entreprises, enseignes, commer\u00e7ants pour le fleurissement d\u2019\u00e9v\u00e8nements priv\u00e9s ou publics\u00a0\u00bb _builder_version=\u00a0\u00bb4.22.2&Prime; _module_preset=\u00a0\u00bbdefault\u00a0\u00bb title_font=\u00a0\u00bb||||||||\u00a0\u00bb title_text_align=\u00a0\u00bbcenter\u00a0\u00bb title_font_size=\u00a0\u00bb19px\u00a0\u00bb global_colors_info=\u00a0\u00bb{}\u00a0\u00bb][\/et_pb_heading][\/et_pb_column][\/et_pb_row][et_pb_row column_structure=\u00a0\u00bb2_5,3_5&Prime; _builder_version=\u00a0\u00bb4.22.2&Prime; _module_preset=\u00a0\u00bbdefault\u00a0\u00bb global_colors_info=\u00a0\u00bb{}\u00a0\u00bb][et_pb_column type=\u00a0\u00bb2_5&Prime; _builder_version=\u00a0\u00bb4.22.2&Prime; _module_preset=\u00a0\u00bbdefault\u00a0\u00bb global_colors_info=\u00a0\u00bb{}\u00a0\u00bb][et_pb_text _builder_version=\u00a0\u00bb4.24.0&Prime; _module_preset=\u00a0\u00bbdefault\u00a0\u00bb background_color=\u00a0\u00bb#EDF1F9&Prime; height=\u00a0\u00bb340px\u00a0\u00bb custom_padding=\u00a0\u00bb24px|24px|24px|24px|true|true\u00a0\u00bb border_radii=\u00a0\u00bbon|8px|8px|8px|8px\u00a0\u00bb global_colors_info=\u00a0\u00bb{}\u00a0\u00bb]<\/p>\n<h2 class=\"mb-20\" style=\"text-align: center;\">Shooting photo<\/h2>\n<p>&nbsp;<\/p>\n<p>Vous avez besoin de r\u00e9aliser un shotting photo pour mettre en avant votre entreprise, un produit&#8230;. je suis l\u00e0 pour vous aider.<\/p>\n<p>Nous cr\u00e9ons ensemble un d\u00e9cor, une ambiance \u00e0 l&rsquo;image de votre projet. Que ce soit un workshop, la cr\u00e9ation d&rsquo;un catalogue, la mise en avant d&rsquo;un produit.<\/p>\n<p>[\/et_pb_text][et_pb_text _builder_version=\u00a0\u00bb4.24.0&Prime; _module_preset=\u00a0\u00bbdefault\u00a0\u00bb background_color=\u00a0\u00bb#FFFFFF\u00a0\u00bb background_image=\u00a0\u00bbhttps:\/\/latelier-bleuenn.fr\/wp-content\/uploads\/2024\/02\/1-0409-21-1-scaled.jpg\u00a0\u00bb height=\u00a0\u00bb340px\u00a0\u00bb custom_padding=\u00a0\u00bb24px|24px|24px|24px|true|true\u00a0\u00bb border_radii=\u00a0\u00bbon|8px|8px|8px|8px\u00a0\u00bb global_colors_info=\u00a0\u00bb{}\u00a0\u00bb]<\/p>\n<h2 class=\"mb-20\" style=\"text-align: center;\"><\/h2>\n<p>[\/et_pb_text][\/et_pb_column][et_pb_column type=\u00a0\u00bb3_5&Prime; _builder_version=\u00a0\u00bb4.22.2&Prime; _module_preset=\u00a0\u00bbdefault\u00a0\u00bb global_colors_info=\u00a0\u00bb{}\u00a0\u00bb][et_pb_image src=\u00a0\u00bbhttps:\/\/latelier-bleuenn.fr\/wp-content\/uploads\/2024\/02\/20231005_161128-scaled.jpg\u00a0\u00bb title_text=\u00a0\u00bb20231005_161128&Prime; align=\u00a0\u00bbcenter\u00a0\u00bb force_fullwidth=\u00a0\u00bbon\u00a0\u00bb _builder_version=\u00a0\u00bb4.24.0&Prime; _module_preset=\u00a0\u00bbdefault\u00a0\u00bb border_radii=\u00a0\u00bbon|8px|8px|8px|8px\u00a0\u00bb global_colors_info=\u00a0\u00bb{}\u00a0\u00bb][\/et_pb_image][et_pb_text _builder_version=\u00a0\u00bb4.24.0&Prime; _module_preset=\u00a0\u00bbdefault\u00a0\u00bb background_color=\u00a0\u00bb#EDF1F9&Prime; height=\u00a0\u00bb336px\u00a0\u00bb custom_padding=\u00a0\u00bb24px|24px|24px|24px|true|true\u00a0\u00bb border_radii=\u00a0\u00bbon|8px|8px|8px|8px\u00a0\u00bb global_colors_info=\u00a0\u00bb{}\u00a0\u00bb]<\/p>\n<h2 style=\"text-align: center;\">D\u00e9cor Boutique, Vitrine<\/h2>\n<h2 style=\"text-align: center;\">Ev\u00e9nements Entreprises<\/h2>\n<p>&nbsp;<\/p>\n<p>Que ce soit pour un s\u00e9minaire, le lancement d\u2019un nouveau produit, l\u2019inauguration de votre cabinet, ou toutes autres occasions, L\u2019Atelier Bleuenn vous propose un accompagnement personnalis\u00e9 pour cr\u00e9er une ambiance unique et sublimer votre \u00e9v\u00e9nement.<\/p>\n<p>Faites nous part de votre projet, vos envies et ensemble nous le concr\u00e9tiserons.<\/p>\n<p>[\/et_pb_text][\/et_pb_column][\/et_pb_row][\/et_pb_section][et_pb_section fb_built=\u00a0\u00bb1&Prime; _builder_version=\u00a0\u00bb4.22.2&Prime; _module_preset=\u00a0\u00bbdefault\u00a0\u00bb background_color=\u00a0\u00bb#EDF1F9&Prime; global_colors_info=\u00a0\u00bb{}\u00a0\u00bb][et_pb_row column_structure=\u00a0\u00bb1_4,1_4,1_4,1_4&Prime; _builder_version=\u00a0\u00bb4.22.2&Prime; _module_preset=\u00a0\u00bbdefault\u00a0\u00bb hover_enabled=\u00a0\u00bb0&Prime; global_colors_info=\u00a0\u00bb{}\u00a0\u00bb sticky_enabled=\u00a0\u00bb0&Prime;][et_pb_column type=\u00a0\u00bb1_4&Prime; _builder_version=\u00a0\u00bb4.22.2&Prime; _module_preset=\u00a0\u00bbdefault\u00a0\u00bb global_colors_info=\u00a0\u00bb{}\u00a0\u00bb][dipl_image_card title=\u00a0\u00bbShooting Photo\u00a0\u00bb image=\u00a0\u00bbhttps:\/\/latelier-bleuenn.fr\/wp-content\/uploads\/2023\/10\/1-2-200&#215;300.jpg\u00a0\u00bb content_bg_color=\u00a0\u00bb#FFFFFF\u00a0\u00bb _builder_version=\u00a0\u00bb4.23.1&Prime; _module_preset=\u00a0\u00bbdefault\u00a0\u00bb text_orientation=\u00a0\u00bbcenter\u00a0\u00bb global_colors_info=\u00a0\u00bb{}\u00a0\u00bb][\/dipl_image_card][\/et_pb_column][et_pb_column type=\u00a0\u00bb1_4&Prime; _builder_version=\u00a0\u00bb4.22.2&Prime; _module_preset=\u00a0\u00bbdefault\u00a0\u00bb global_colors_info=\u00a0\u00bb{}\u00a0\u00bb][dipl_image_card title=\u00a0\u00bbShooting Photo Enfant\u00a0\u00bb image=\u00a0\u00bbhttps:\/\/latelier-bleuenn.fr\/wp-content\/uploads\/2023\/10\/5-1-200&#215;300.jpg\u00a0\u00bb content_bg_color=\u00a0\u00bb#FFFFFF\u00a0\u00bb _builder_version=\u00a0\u00bb4.24.0&Prime; _module_preset=\u00a0\u00bbdefault\u00a0\u00bb title_text_color=\u00a0\u00bb#303030&Prime; content_text_color=\u00a0\u00bb#FFFFFF\u00a0\u00bb text_orientation=\u00a0\u00bbcenter\u00a0\u00bb global_colors_info=\u00a0\u00bb{}\u00a0\u00bb][\/dipl_image_card][\/et_pb_column][et_pb_column type=\u00a0\u00bb1_4&Prime; _builder_version=\u00a0\u00bb4.22.2&Prime; _module_preset=\u00a0\u00bbdefault\u00a0\u00bb global_colors_info=\u00a0\u00bb{}\u00a0\u00bb][dipl_image_card title=\u00a0\u00bbTraiteur\u00a0\u00bb image=\u00a0\u00bbhttps:\/\/latelier-bleuenn.fr\/wp-content\/uploads\/2024\/02\/0068_14092022-DSC_26671-scaled.jpg\u00a0\u00bb icon_alignment=\u00a0\u00bbcenter\u00a0\u00bb icon_color=\u00a0\u00bb#FFFFFF\u00a0\u00bb content_bg_color=\u00a0\u00bb#FFFFFF\u00a0\u00bb _builder_version=\u00a0\u00bb4.24.0&Prime; _module_preset=\u00a0\u00bbdefault\u00a0\u00bb title_text_align=\u00a0\u00bbcenter\u00a0\u00bb title_text_color=\u00a0\u00bb#303030&Prime; content_text_color=\u00a0\u00bb#FFFFFF\u00a0\u00bb border_color_all=\u00a0\u00bb#FFFFFF\u00a0\u00bb global_colors_info=\u00a0\u00bb{}\u00a0\u00bb][\/dipl_image_card][\/et_pb_column][et_pb_column type=\u00a0\u00bb1_4&Prime; _builder_version=\u00a0\u00bb4.22.2&Prime; _module_preset=\u00a0\u00bbdefault\u00a0\u00bb global_colors_info=\u00a0\u00bb{}\u00a0\u00bb][\/et_pb_column][\/et_pb_row][\/et_pb_section]<\/p>\n","protected":false},"excerpt":{"rendered":"<p>Shooting photo &nbsp; Vous avez besoin de r\u00e9aliser un shotting photo pour mettre en avant votre entreprise, un produit&#8230;. je suis l\u00e0 pour vous aider. Nous cr\u00e9ons ensemble un d\u00e9cor, une ambiance \u00e0 l&rsquo;image de votre projet. Que ce soit un workshop, la cr\u00e9ation d&rsquo;un catalogue, la mise en avant d&rsquo;un produit.D\u00e9cor Boutique, Vitrine Ev\u00e9nements [&hellip;]<\/p>\n","protected":false},"author":1,"featured_media":0,"parent":0,"menu_order":0,"comment_status":"closed","ping_status":"closed","template":"","meta":{"_et_pb_use_builder":"on","_et_pb_old_content":"","_et_gb_content_width":"","footnotes":""},"class_list":["post-98","page","type-page","status-publish","hentry"],"_links":{"self":[{"href":"https:\/\/latelier-bleuenn.fr\/index.php\/wp-json\/wp\/v2\/pages\/98","targetHints":{"allow":["GET"]}}],"collection":[{"href":"https:\/\/latelier-bleuenn.fr\/index.php\/wp-json\/wp\/v2\/pages"}],"about":[{"href":"https:\/\/latelier-bleuenn.fr\/index.php\/wp-json\/wp\/v2\/types\/page"}],"author":[{"embeddable":true,"href":"https:\/\/latelier-bleuenn.fr\/index.php\/wp-json\/wp\/v2\/users\/1"}],"replies":[{"embeddable":true,"href":"https:\/\/latelier-bleuenn.fr\/index.php\/wp-json\/wp\/v2\/comments?post=98"}],"version-history":[{"count":6,"href":"https:\/\/latelier-bleuenn.fr\/index.php\/wp-json\/wp\/v2\/pages\/98\/revisions"}],"predecessor-version":[{"id":361,"href":"https:\/\/latelier-bleuenn.fr\/index.php\/wp-json\/wp\/v2\/pages\/98\/revisions\/361"}],"wp:attachment":[{"href":"https:\/\/latelier-bleuenn.fr\/index.php\/wp-json\/wp\/v2\/media?parent=98"}],"curies":[{"name":"wp","href":"https:\/\/api.w.org\/{rel}","templated":true}]}}